{"id":2286,"date":"2020-02-24T16:41:09","date_gmt":"2020-02-24T15:41:09","guid":{"rendered":"https:\/\/www.campingleplandeau.com\/aufenthalte-geschichte-landschaften\/"},"modified":"2020-07-01T14:46:10","modified_gmt":"2020-07-01T12:46:10","slug":"aufenthalte-geschichte-landschaften","status":"publish","type":"page","link":"https:\/\/www.campingleplandeau.com\/de\/aufenthalte-geschichte-landschaften\/","title":{"rendered":"Aufenthalte : Geschichte und Landschaften"},"content":{"rendered":"","protected":false},"excerpt":{"rendered":"","protected":false},"author":1,"featured_media":2493,"parent":0,"menu_order":0,"comment_status":"closed","ping_status":"closed","template":"","meta":{"footnotes":""},"class_list":["post-2286","page","type-page","status-publish","has-post-thumbnail","hentry"],"yoast_head":"<!-- This site is optimized with the Yoast SEO plugin v25.3 - https:\/\/yoast.com\/wordpress\/plugins\/seo\/ -->\n<title>Ardeche Heritage | Entdecken Sie die Geschichte und Landschaft der Ardeche<\/title>\n<meta name=\"robots\" content=\"index, follow, max-snippet:-1, max-image-preview:large, max-video-preview:-1\" \/>\n<link rel=\"canonical\" href=\"https:\/\/www.campingleplandeau.com\/de\/aufenthalte-geschichte-landschaften\/\" \/>\n<meta property=\"og:locale\" content=\"de_DE\" \/>\n<meta property=\"og:type\" content=\"article\" \/>\n<meta property=\"og:title\" content=\"Ardeche Heritage | Entdecken Sie die Geschichte und Landschaft der Ardeche\" \/>\n<meta property=\"og:url\" content=\"https:\/\/www.campingleplandeau.com\/de\/aufenthalte-geschichte-landschaften\/\" \/>\n<meta property=\"og:site_name\" content=\"Campingplatz le Plan d&#039;eau\" \/>\n<meta property=\"article:modified_time\" content=\"2020-07-01T12:46:10+00:00\" \/>\n<meta property=\"og:image\" content=\"https:\/\/www.campingleplandeau.com\/wp-content\/uploads\/2020\/03\/Vue_Vog\u00fc\u00e9-1024x768.jpg\" \/>\n\t<meta property=\"og:image:width\" content=\"1024\" \/>\n\t<meta property=\"og:image:height\" content=\"768\" \/>\n\t<meta property=\"og:image:type\" content=\"image\/jpeg\" \/>\n<meta name=\"twitter:card\" content=\"summary_large_image\" \/>\n<script type=\"application\/ld+json\" class=\"yoast-schema-graph\">{\"@context\":\"https:\/\/schema.org\",\"@graph\":[{\"@type\":\"WebPage\",\"@id\":\"https:\/\/www.campingleplandeau.com\/de\/aufenthalte-geschichte-landschaften\/\",\"url\":\"https:\/\/www.campingleplandeau.com\/de\/aufenthalte-geschichte-landschaften\/\",\"name\":\"Ardeche Heritage | Entdecken Sie die Geschichte und Landschaft der Ardeche\",\"isPartOf\":{\"@id\":\"https:\/\/www.campingleplandeau.com\/de\/#website\"},\"primaryImageOfPage\":{\"@id\":\"https:\/\/www.campingleplandeau.com\/de\/aufenthalte-geschichte-landschaften\/#primaryimage\"},\"image\":{\"@id\":\"https:\/\/www.campingleplandeau.com\/de\/aufenthalte-geschichte-landschaften\/#primaryimage\"},\"thumbnailUrl\":\"https:\/\/www.campingleplandeau.com\/wp-content\/uploads\/2020\/03\/Vue_Vog\u00fc\u00e9.jpg\",\"datePublished\":\"2020-02-24T15:41:09+00:00\",\"dateModified\":\"2020-07-01T12:46:10+00:00\",\"breadcrumb\":{\"@id\":\"https:\/\/www.campingleplandeau.com\/de\/aufenthalte-geschichte-landschaften\/#breadcrumb\"},\"inLanguage\":\"de\",\"potentialAction\":[{\"@type\":\"ReadAction\",\"target\":[\"https:\/\/www.campingleplandeau.com\/de\/aufenthalte-geschichte-landschaften\/\"]}]},{\"@type\":\"ImageObject\",\"inLanguage\":\"de\",\"@id\":\"https:\/\/www.campingleplandeau.com\/de\/aufenthalte-geschichte-landschaften\/#primaryimage\",\"url\":\"https:\/\/www.campingleplandeau.com\/wp-content\/uploads\/2020\/03\/Vue_Vog\u00fc\u00e9.jpg\",\"contentUrl\":\"https:\/\/www.campingleplandeau.com\/wp-content\/uploads\/2020\/03\/Vue_Vog\u00fc\u00e9.jpg\",\"width\":2560,\"height\":1920,\"caption\":\"camping Vog\u00fc\u00e9\"},{\"@type\":\"BreadcrumbList\",\"@id\":\"https:\/\/www.campingleplandeau.com\/de\/aufenthalte-geschichte-landschaften\/#breadcrumb\",\"itemListElement\":[{\"@type\":\"ListItem\",\"position\":1,\"name\":\"Campingplatz Ard\u00e8che\",\"item\":\"https:\/\/www.campingleplandeau.com\/de\/\"},{\"@type\":\"ListItem\",\"position\":2,\"name\":\"Das Erbe der Ard\u00e8che\"}]},{\"@type\":\"WebSite\",\"@id\":\"https:\/\/www.campingleplandeau.com\/de\/#website\",\"url\":\"https:\/\/www.campingleplandeau.com\/de\/\",\"name\":\"Camping Le Plan d'Eau\",\"description\":\"\",\"potentialAction\":[{\"@type\":\"SearchAction\",\"target\":{\"@type\":\"EntryPoint\",\"urlTemplate\":\"https:\/\/www.campingleplandeau.com\/de\/?s={search_term_string}\"},\"query-input\":{\"@type\":\"PropertyValueSpecification\",\"valueRequired\":true,\"valueName\":\"search_term_string\"}}],\"inLanguage\":\"de\"}]}<\/script>\n<!-- \/ Yoast SEO plugin. -->","yoast_head_json":{"title":"Ardeche Heritage | Entdecken Sie die Geschichte und Landschaft der Ardeche","robots":{"index":"index","follow":"follow","max-snippet":"max-snippet:-1","max-image-preview":"max-image-preview:large","max-video-preview":"max-video-preview:-1"},"canonical":"https:\/\/www.campingleplandeau.com\/de\/aufenthalte-geschichte-landschaften\/","og_locale":"de_DE","og_type":"article","og_title":"Ardeche Heritage | Entdecken Sie die Geschichte und Landschaft der Ardeche","og_url":"https:\/\/www.campingleplandeau.com\/de\/aufenthalte-geschichte-landschaften\/","og_site_name":"Campingplatz le Plan d'eau","article_modified_time":"2020-07-01T12:46:10+00:00","og_image":[{"width":1024,"height":768,"url":"https:\/\/www.campingleplandeau.com\/wp-content\/uploads\/2020\/03\/Vue_Vog\u00fc\u00e9-1024x768.jpg","type":"image\/jpeg"}],"twitter_card":"summary_large_image","schema":{"@context":"https:\/\/schema.org","@graph":[{"@type":"WebPage","@id":"https:\/\/www.campingleplandeau.com\/de\/aufenthalte-geschichte-landschaften\/","url":"https:\/\/www.campingleplandeau.com\/de\/aufenthalte-geschichte-landschaften\/","name":"Ardeche Heritage | Entdecken Sie die Geschichte und Landschaft der Ardeche","isPartOf":{"@id":"https:\/\/www.campingleplandeau.com\/de\/#website"},"primaryImageOfPage":{"@id":"https:\/\/www.campingleplandeau.com\/de\/aufenthalte-geschichte-landschaften\/#primaryimage"},"image":{"@id":"https:\/\/www.campingleplandeau.com\/de\/aufenthalte-geschichte-landschaften\/#primaryimage"},"thumbnailUrl":"https:\/\/www.campingleplandeau.com\/wp-content\/uploads\/2020\/03\/Vue_Vog\u00fc\u00e9.jpg","datePublished":"2020-02-24T15:41:09+00:00","dateModified":"2020-07-01T12:46:10+00:00","breadcrumb":{"@id":"https:\/\/www.campingleplandeau.com\/de\/aufenthalte-geschichte-landschaften\/#breadcrumb"},"inLanguage":"de","potentialAction":[{"@type":"ReadAction","target":["https:\/\/www.campingleplandeau.com\/de\/aufenthalte-geschichte-landschaften\/"]}]},{"@type":"ImageObject","inLanguage":"de","@id":"https:\/\/www.campingleplandeau.com\/de\/aufenthalte-geschichte-landschaften\/#primaryimage","url":"https:\/\/www.campingleplandeau.com\/wp-content\/uploads\/2020\/03\/Vue_Vog\u00fc\u00e9.jpg","contentUrl":"https:\/\/www.campingleplandeau.com\/wp-content\/uploads\/2020\/03\/Vue_Vog\u00fc\u00e9.jpg","width":2560,"height":1920,"caption":"camping Vog\u00fc\u00e9"},{"@type":"BreadcrumbList","@id":"https:\/\/www.campingleplandeau.com\/de\/aufenthalte-geschichte-landschaften\/#breadcrumb","itemListElement":[{"@type":"ListItem","position":1,"name":"Campingplatz Ard\u00e8che","item":"https:\/\/www.campingleplandeau.com\/de\/"},{"@type":"ListItem","position":2,"name":"Das Erbe der Ard\u00e8che"}]},{"@type":"WebSite","@id":"https:\/\/www.campingleplandeau.com\/de\/#website","url":"https:\/\/www.campingleplandeau.com\/de\/","name":"Camping Le Plan d'Eau","description":"","potentialAction":[{"@type":"SearchAction","target":{"@type":"EntryPoint","urlTemplate":"https:\/\/www.campingleplandeau.com\/de\/?s={search_term_string}"},"query-input":{"@type":"PropertyValueSpecification","valueRequired":true,"valueName":"search_term_string"}}],"inLanguage":"de"}]}},"_links":{"self":[{"href":"https:\/\/www.campingleplandeau.com\/de\/wp-json\/wp\/v2\/pages\/2286"}],"collection":[{"href":"https:\/\/www.campingleplandeau.com\/de\/wp-json\/wp\/v2\/pages"}],"about":[{"href":"https:\/\/www.campingleplandeau.com\/de\/wp-json\/wp\/v2\/types\/page"}],"author":[{"embeddable":true,"href":"https:\/\/www.campingleplandeau.com\/de\/wp-json\/wp\/v2\/users\/1"}],"replies":[{"embeddable":true,"href":"https:\/\/www.campingleplandeau.com\/de\/wp-json\/wp\/v2\/comments?post=2286"}],"version-history":[{"count":2,"href":"https:\/\/www.campingleplandeau.com\/de\/wp-json\/wp\/v2\/pages\/2286\/revisions"}],"predecessor-version":[{"id":2498,"href":"https:\/\/www.campingleplandeau.com\/de\/wp-json\/wp\/v2\/pages\/2286\/revisions\/2498"}],"wp:featuredmedia":[{"embeddable":true,"href":"https:\/\/www.campingleplandeau.com\/de\/wp-json\/wp\/v2\/media\/2493"}],"wp:attachment":[{"href":"https:\/\/www.campingleplandeau.com\/de\/wp-json\/wp\/v2\/media?parent=2286"}],"curies":[{"name":"wp","href":"https:\/\/api.w.org\/{rel}","templated":true}]}}